{"id":2831,"date":"2025-07-03T12:21:23","date_gmt":"2025-07-03T12:21:23","guid":{"rendered":"https:\/\/tecompraste.com.ar\/arg\/product\/juguete-ardilla-peluda-grande-20-cm-peluche-tbp779\/"},"modified":"2025-10-31T19:52:47","modified_gmt":"2025-10-31T19:52:47","slug":"juguete-ardilla-peluda-grande-20-cm-peluche-tbp779","status":"publish","type":"product","link":"https:\/\/tecompraste.com.ar\/arg\/product\/juguete-ardilla-peluda-grande-20-cm-peluche-tbp779\/","title":{"rendered":"Juguete Ardilla Peluda Grande 20 cm Peluche (TBP779)"},"content":{"rendered":"<p>Juguete de peluche para perros de todas las edades y tama\u00f1os<br \/>  Suave pero resistente, es un compa\u00f1ero ideal para los cachorros durante los primeros dias en la casa.<br \/>  Su dise\u00f1o lo hace facil de tomar en la boca y llevar a todos lados.<\/p>\n<p>  Medida de largo: 20 cm<\/p>\n","protected":false},"excerpt":{"rendered":"<p>Juguete de peluche para perros de todas las edades y tama\u00f1os Suave pero resistente, es un compa\u00f1ero ideal para los cachorros durante los primeros dias en la casa. Su dise\u00f1o lo hace facil de tomar en la boca y llevar a todos lados. Medida de largo: 20 cm<\/p>\n","protected":false},"featured_media":2830,"comment_status":"open","ping_status":"closed","template":"","meta":[],"product_brand":[230],"product_cat":[98],"product_tag":[],"class_list":{"0":"post-2831","1":"product","2":"type-product","3":"status-publish","4":"has-post-thumbnail","6":"product_brand-bestia-peluda","7":"product_cat-juguetes","9":"first","10":"instock","11":"taxable","12":"shipping-taxable","13":"purchasable","14":"product-type-simple"},"jetpack_sharing_enabled":true,"_links":{"self":[{"href":"https:\/\/tecompraste.com.ar\/arg\/wp-json\/wp\/v2\/product\/2831","targetHints":{"allow":["GET"]}}],"collection":[{"href":"https:\/\/tecompraste.com.ar\/arg\/wp-json\/wp\/v2\/product"}],"about":[{"href":"https:\/\/tecompraste.com.ar\/arg\/wp-json\/wp\/v2\/types\/product"}],"replies":[{"embeddable":true,"href":"https:\/\/tecompraste.com.ar\/arg\/wp-json\/wp\/v2\/comments?post=2831"}],"wp:featuredmedia":[{"embeddable":true,"href":"https:\/\/tecompraste.com.ar\/arg\/wp-json\/wp\/v2\/media\/2830"}],"wp:attachment":[{"href":"https:\/\/tecompraste.com.ar\/arg\/wp-json\/wp\/v2\/media?parent=2831"}],"wp:term":[{"taxonomy":"product_brand","embeddable":true,"href":"https:\/\/tecompraste.com.ar\/arg\/wp-json\/wp\/v2\/product_brand?post=2831"},{"taxonomy":"product_cat","embeddable":true,"href":"https:\/\/tecompraste.com.ar\/arg\/wp-json\/wp\/v2\/product_cat?post=2831"},{"taxonomy":"product_tag","embeddable":true,"href":"https:\/\/tecompraste.com.ar\/arg\/wp-json\/wp\/v2\/product_tag?post=2831"}],"curies":[{"name":"wp","href":"https:\/\/api.w.org\/{rel}","templated":true}]}}