{"id":4651,"date":"2025-07-03T12:35:50","date_gmt":"2025-07-03T12:35:50","guid":{"rendered":"https:\/\/tecompraste.com.ar\/arg\/product\/kong-extreme-ball-medium-large-13-a-30-kg-pelota-kong-acd9036\/"},"modified":"2025-10-31T19:51:44","modified_gmt":"2025-10-31T19:51:44","slug":"kong-extreme-ball-medium-large-13-a-30-kg-pelota-kong-acd9036","status":"publish","type":"product","link":"https:\/\/tecompraste.com.ar\/arg\/product\/kong-extreme-ball-medium-large-13-a-30-kg-pelota-kong-acd9036\/","title":{"rendered":"Kong Extreme Ball Medium &#8211; Large &#8211; 13 a 30 kg &#8211; Pelota Kong (ACD9036)"},"content":{"rendered":"<p>Para perros masticadores poderosos, de cualquier edad. Kong Extreme esta fabricado en caucho negro ultra-resistente (formula exclusiva de Kong Company).<\/p>\n<p>    Sugerido para perros de tama\u00f1o mediano a grande (13 a 30 kg) y razas de mordida fuerte. Se puede rellenar con golosinas, salsas, bocaditos, etc.<\/p>\n<p>    KONG Extreme est\u00e1 dise\u00f1ado para los masticadores m\u00e1s tenaces, aporta beneficios y ayuda a satisfacer las necesidades instintivas de los perros. Hecho con la exclusiva f\u00f3rmula de caucho ultraduradero completamente natural de KONG.<\/p>\n<p>    \u00bfQuiere prolongar el tiempo de juego?<br \/>  Rell\u00e9nelo con tentadoras croquetas de alimento balanceado, golosinas para perros, queso blanco, etc. Rell\u00e9nelo y cong\u00e9lelo para un reto m\u00e1s duradero.<\/p>\n<p>      \u00bfQue es KONG?<br \/>  Kong, el novedoso juguete de entrenamiento ha sido disfrutado por millones de perros y apreciado por sus due\u00f1os y entrenadores por su insuperable calidad y durabilidad, as\u00ed como una herramienta para el comportamiento canino.<\/p>\n<p>      MEDIDAS:<br \/>  Diametro: 7.6 cm<br \/>  Tama\u00f1o: Large<\/p>\n","protected":false},"excerpt":{"rendered":"<p>Para perros masticadores poderosos, de cualquier edad. Kong Extreme esta fabricado en caucho negro ultra-resistente (formula exclusiva de Kong Company). Sugerido para perros de tama\u00f1o mediano a grande (13 a 30 kg) y razas de mordida fuerte. Se puede rellenar con golosinas, salsas, bocaditos, etc. KONG Extreme est\u00e1 dise\u00f1ado para los masticadores m\u00e1s tenaces, aporta [&hellip;]<\/p>\n","protected":false},"featured_media":4650,"comment_status":"open","ping_status":"closed","template":"","meta":[],"product_brand":[248],"product_cat":[98],"product_tag":[],"class_list":{"0":"post-4651","1":"product","2":"type-product","3":"status-publish","4":"has-post-thumbnail","6":"product_brand-kong","7":"product_cat-juguetes","9":"first","10":"outofstock","11":"taxable","12":"shipping-taxable","13":"purchasable","14":"product-type-simple"},"jetpack_sharing_enabled":true,"_links":{"self":[{"href":"https:\/\/tecompraste.com.ar\/arg\/wp-json\/wp\/v2\/product\/4651","targetHints":{"allow":["GET"]}}],"collection":[{"href":"https:\/\/tecompraste.com.ar\/arg\/wp-json\/wp\/v2\/product"}],"about":[{"href":"https:\/\/tecompraste.com.ar\/arg\/wp-json\/wp\/v2\/types\/product"}],"replies":[{"embeddable":true,"href":"https:\/\/tecompraste.com.ar\/arg\/wp-json\/wp\/v2\/comments?post=4651"}],"wp:featuredmedia":[{"embeddable":true,"href":"https:\/\/tecompraste.com.ar\/arg\/wp-json\/wp\/v2\/media\/4650"}],"wp:attachment":[{"href":"https:\/\/tecompraste.com.ar\/arg\/wp-json\/wp\/v2\/media?parent=4651"}],"wp:term":[{"taxonomy":"product_brand","embeddable":true,"href":"https:\/\/tecompraste.com.ar\/arg\/wp-json\/wp\/v2\/product_brand?post=4651"},{"taxonomy":"product_cat","embeddable":true,"href":"https:\/\/tecompraste.com.ar\/arg\/wp-json\/wp\/v2\/product_cat?post=4651"},{"taxonomy":"product_tag","embeddable":true,"href":"https:\/\/tecompraste.com.ar\/arg\/wp-json\/wp\/v2\/product_tag?post=4651"}],"curies":[{"name":"wp","href":"https:\/\/api.w.org\/{rel}","templated":true}]}}