{"id":6151,"date":"2025-07-03T12:48:54","date_gmt":"2025-07-03T12:48:54","guid":{"rendered":"https:\/\/tecompraste.com.ar\/arg\/product\/royal-canin-fit-regular-32-15-kg-rcfit321\/"},"modified":"2026-01-11T12:33:24","modified_gmt":"2026-01-11T12:33:24","slug":"royal-canin-fit-regular-32-15-kg-rcfit321","status":"publish","type":"product","link":"https:\/\/tecompraste.com.ar\/arg\/product\/royal-canin-fit-regular-32-15-kg-rcfit321\/","title":{"rendered":"Royal Canin FIT Regular 32 1,5 Kg (RCFIT321)"},"content":{"rendered":"<p>Alimento para gatos adultos con peso ideal, actividad f\u00edsica moderada y que poseen acceso al exterior. De 1 a 7 a\u00f1os de edad. <\/p>\n<p>      Perfil nutricional \u00f3ptimo<br \/>  Para satisfacer las necesidades nutricionales espec\u00edficas en la fase adulta, los gatos necesitan una nutrici\u00f3n de alta calidad. Fit es un alimento completo y balanceado que contiene un nivel adecuado de nutrientes beneficiosos para mantener la buena salud de los gatos adultos.<\/p>\n<p>    Peso saludable<br \/>  La f\u00f3rmula Fit, proporciona un aporte cal\u00f3rico adaptado, que ayuda a mantener el peso ideal de gatos adultos con un nivel de actividad moderado.<\/p>\n<p>    Presentacion: 1.5 kg<\/p>\n","protected":false},"excerpt":{"rendered":"<p>Alimento para gatos adultos con peso ideal, actividad f\u00edsica moderada y que poseen acceso al exterior. De 1 a 7 a\u00f1os de edad. Perfil nutricional \u00f3ptimo Para satisfacer las necesidades nutricionales espec\u00edficas en la fase adulta, los gatos necesitan una nutrici\u00f3n de alta calidad. Fit es un alimento completo y balanceado que contiene un nivel [&hellip;]<\/p>\n","protected":false},"featured_media":2491,"comment_status":"open","ping_status":"closed","template":"","meta":[],"product_brand":[275],"product_cat":[122],"product_tag":[],"class_list":{"0":"post-6151","1":"product","2":"type-product","3":"status-publish","4":"has-post-thumbnail","6":"product_brand-royal-canin","7":"product_cat-royal-canin","9":"first","10":"outofstock","11":"taxable","12":"shipping-taxable","13":"purchasable","14":"product-type-simple"},"jetpack_sharing_enabled":true,"_links":{"self":[{"href":"https:\/\/tecompraste.com.ar\/arg\/wp-json\/wp\/v2\/product\/6151","targetHints":{"allow":["GET"]}}],"collection":[{"href":"https:\/\/tecompraste.com.ar\/arg\/wp-json\/wp\/v2\/product"}],"about":[{"href":"https:\/\/tecompraste.com.ar\/arg\/wp-json\/wp\/v2\/types\/product"}],"replies":[{"embeddable":true,"href":"https:\/\/tecompraste.com.ar\/arg\/wp-json\/wp\/v2\/comments?post=6151"}],"wp:featuredmedia":[{"embeddable":true,"href":"https:\/\/tecompraste.com.ar\/arg\/wp-json\/wp\/v2\/media\/2491"}],"wp:attachment":[{"href":"https:\/\/tecompraste.com.ar\/arg\/wp-json\/wp\/v2\/media?parent=6151"}],"wp:term":[{"taxonomy":"product_brand","embeddable":true,"href":"https:\/\/tecompraste.com.ar\/arg\/wp-json\/wp\/v2\/product_brand?post=6151"},{"taxonomy":"product_cat","embeddable":true,"href":"https:\/\/tecompraste.com.ar\/arg\/wp-json\/wp\/v2\/product_cat?post=6151"},{"taxonomy":"product_tag","embeddable":true,"href":"https:\/\/tecompraste.com.ar\/arg\/wp-json\/wp\/v2\/product_tag?post=6151"}],"curies":[{"name":"wp","href":"https:\/\/api.w.org\/{rel}","templated":true}]}}