{"id":6158,"date":"2025-07-03T12:49:00","date_gmt":"2025-07-03T12:49:00","guid":{"rendered":"https:\/\/tecompraste.com.ar\/arg\/product\/royal-canin-urinary-care-15-kg-rccurinary1\/"},"modified":"2025-11-15T13:06:58","modified_gmt":"2025-11-15T13:06:58","slug":"royal-canin-urinary-care-15-kg-rccurinary1","status":"publish","type":"product","link":"https:\/\/tecompraste.com.ar\/arg\/product\/royal-canin-urinary-care-15-kg-rccurinary1\/","title":{"rendered":"Royal Canin Urinary Care 1,5 Kg (RCCURINARY1)"},"content":{"rendered":"<p>Ayuda a mantener la salud del tracto uninario<br \/>  Ayuda a mantener una concentraci\u00f3n urinaria saludable al regular el balance de minerales as\u00ed como a mantener un PH bajo, lo que produce una orina menos concentrada. La exclusiva f\u00f3rmula de Urinary Care ayuda a promover un ambiente urinario menos favorable para la formaci\u00f3n de c\u00e1lculos urinarios.<\/p>\n<p>    Resultados comprobados<br \/>  El uso exclusivo de Urinary Care produce efectos a partir de los 10 d\u00edas: 2x* reducci\u00f3n del riesgo de formaci\u00f3n de c\u00e1lculos urinarios. *Estudio interno de Royal Canin, 2014 &#8211; Comparado con un alimento de mantenimiento para gatos. Especialmente comprobado para los cristales (c\u00e1lculos) de estruvita.<\/p>\n<p>  Presentacion: Paquete de 1,5 kg<\/p>\n","protected":false},"excerpt":{"rendered":"<p>Ayuda a mantener la salud del tracto uninario Ayuda a mantener una concentraci\u00f3n urinaria saludable al regular el balance de minerales as\u00ed como a mantener un PH bajo, lo que produce una orina menos concentrada. La exclusiva f\u00f3rmula de Urinary Care ayuda a promover un ambiente urinario menos favorable para la formaci\u00f3n de c\u00e1lculos urinarios. [&hellip;]<\/p>\n","protected":false},"featured_media":6157,"comment_status":"open","ping_status":"closed","template":"","meta":[],"product_brand":[275],"product_cat":[122],"product_tag":[],"class_list":{"0":"post-6158","1":"product","2":"type-product","3":"status-publish","4":"has-post-thumbnail","6":"product_brand-royal-canin","7":"product_cat-royal-canin","9":"first","10":"outofstock","11":"taxable","12":"shipping-taxable","13":"purchasable","14":"product-type-simple"},"jetpack_sharing_enabled":true,"_links":{"self":[{"href":"https:\/\/tecompraste.com.ar\/arg\/wp-json\/wp\/v2\/product\/6158","targetHints":{"allow":["GET"]}}],"collection":[{"href":"https:\/\/tecompraste.com.ar\/arg\/wp-json\/wp\/v2\/product"}],"about":[{"href":"https:\/\/tecompraste.com.ar\/arg\/wp-json\/wp\/v2\/types\/product"}],"replies":[{"embeddable":true,"href":"https:\/\/tecompraste.com.ar\/arg\/wp-json\/wp\/v2\/comments?post=6158"}],"wp:featuredmedia":[{"embeddable":true,"href":"https:\/\/tecompraste.com.ar\/arg\/wp-json\/wp\/v2\/media\/6157"}],"wp:attachment":[{"href":"https:\/\/tecompraste.com.ar\/arg\/wp-json\/wp\/v2\/media?parent=6158"}],"wp:term":[{"taxonomy":"product_brand","embeddable":true,"href":"https:\/\/tecompraste.com.ar\/arg\/wp-json\/wp\/v2\/product_brand?post=6158"},{"taxonomy":"product_cat","embeddable":true,"href":"https:\/\/tecompraste.com.ar\/arg\/wp-json\/wp\/v2\/product_cat?post=6158"},{"taxonomy":"product_tag","embeddable":true,"href":"https:\/\/tecompraste.com.ar\/arg\/wp-json\/wp\/v2\/product_tag?post=6158"}],"curies":[{"name":"wp","href":"https:\/\/api.w.org\/{rel}","templated":true}]}}