{"id":7866,"date":"2025-08-11T22:13:41","date_gmt":"2025-08-11T22:13:41","guid":{"rendered":"https:\/\/tecompraste.com.ar\/arg\/product\/pelador-rallador-juliana-vegetal-veggie-fideos-zucchini-woks\/"},"modified":"2026-04-28T17:27:49","modified_gmt":"2026-04-28T17:27:49","slug":"pelador-rallador-juliana-vegetal-veggie-fideos-zucchini-woks","status":"publish","type":"product","link":"https:\/\/tecompraste.com.ar\/arg\/product\/pelador-rallador-juliana-vegetal-veggie-fideos-zucchini-woks\/","title":{"rendered":"Pelador Rallador Juliana Vegetal Veggie Fideos Zucchini Woks"},"content":{"rendered":"<p>RALLADOR DE VEGETALES EN JULIANA &#8211; VONNE &#8211; La Revoluci\u00f3n en tu Cocina<\/p>\n<p>&#8212;&#8212;&#8212;&#8212;&#8212;&#8212;&#8212;&#8212;&#8212;&#8212;&#8212;&#8212;&#8212;&#8212;&#8212;<br \/>\nCORTES PERFECTOS, R\u00c1PIDOS Y FACIL!!!<br \/>\n&#8212;&#8212;&#8212;&#8212;&#8212;&#8212;&#8212;&#8212;&#8212;&#8212;&#8212;&#8212;&#8212;&#8212;&#8212;<\/p>\n<p>* Cortes uniformes: Olv\u00eddate de las julianas irregulares y disfruta de la perfecci\u00f3n en cada corte.<br \/>\n* Ahorro de tiempo: Prepara tus ingredientes en una fracci\u00f3n del tiempo que tomar\u00eda cortarlos a mano.<br \/>\n* Seguridad ante todo: Su dise\u00f1o protege tus dedos de cortes accidentales.<br \/>\n* F\u00e1cil de limpiar: Componentes desmontables que simplifican la limpieza.<\/p>\n<p>IDEAL PARA:<br \/>\n&#8212;&#8212;&#8212;-<br \/>\n&#8211; Ensaladas creativas: Transforma zanahorias, pepinos y m\u00e1s en tiras finas para ensaladas vibrantes.<br \/>\n&#8211; Decoraciones de platos: Eleva la presentaci\u00f3n de tus platos con adornos elegantes.<br \/>\n&#8211; Cocina saludable: Fomenta una alimentaci\u00f3n balanceada con preparaciones atractivas y r\u00e1pidas.<\/p>\n<p>IDEAS DE USO:<br \/>\n&#8212;&#8212;&#8212;&#8212;<br \/>\n* Stir-fry: A\u00f1ad\u00ed textura y sabor a tus salteados con vegetales en juliana.<br \/>\n* Wraps y rolls: Rellen\u00e1 tus wraps con verduras cortadas finamente para un bocado crujiente.<br \/>\n* Garnish: Decor\u00e1 tus sopas y cremas con un toque de color y frescura.<br \/>\n* Veggie Noodles: Hac\u00e9 los fideos de vegetales mas ricos del mundo!<\/p>\n<p>Este rallador no solo es una soluci\u00f3n pr\u00e1ctica para los desaf\u00edos cotidianos en la cocina, sino que tambi\u00e9n es una fuente de inspiraci\u00f3n para explorar nuevas recetas y presentaciones.<\/p>\n<p>Datos T\u00e9cnicos:<br \/>\n&#8212;&#8212;&#8212;&#8212;&#8211;<br \/>\nModelo: CCN078<br \/>\nMarca: Vonne<br \/>\nHoja: Acero inoxidable<br \/>\nTipo de corte: Juliana<\/p>\n","protected":false},"excerpt":{"rendered":"<p>RALLADOR DE VEGETALES EN JULIANA &#8211; VONNE &#8211; La Revoluci\u00f3n en tu Cocina &#8212;&#8212;&#8212;&#8212;&#8212;&#8212;&#8212;&#8212;&#8212;&#8212;&#8212;&#8212;&#8212;&#8212;&#8212; CORTES PERFECTOS, R\u00c1PIDOS Y FACIL!!! &#8212;&#8212;&#8212;&#8212;&#8212;&#8212;&#8212;&#8212;&#8212;&#8212;&#8212;&#8212;&#8212;&#8212;&#8212; * Cortes uniformes: Olv\u00eddate de las julianas irregulares y disfruta de la perfecci\u00f3n en cada corte. * Ahorro de tiempo: Prepara tus ingredientes en una fracci\u00f3n del tiempo que tomar\u00eda cortarlos a mano. * Seguridad [&hellip;]<\/p>\n","protected":false},"featured_media":7865,"comment_status":"open","ping_status":"closed","template":"","meta":[],"product_brand":[283],"product_cat":[318],"product_tag":[],"class_list":{"0":"post-7866","1":"product","2":"type-product","3":"status-publish","4":"has-post-thumbnail","6":"product_brand-vonne","7":"product_cat-accesorios-cocina","9":"first","10":"instock","11":"featured","12":"taxable","13":"shipping-taxable","14":"purchasable","15":"product-type-simple"},"jetpack_sharing_enabled":true,"_links":{"self":[{"href":"https:\/\/tecompraste.com.ar\/arg\/wp-json\/wp\/v2\/product\/7866","targetHints":{"allow":["GET"]}}],"collection":[{"href":"https:\/\/tecompraste.com.ar\/arg\/wp-json\/wp\/v2\/product"}],"about":[{"href":"https:\/\/tecompraste.com.ar\/arg\/wp-json\/wp\/v2\/types\/product"}],"replies":[{"embeddable":true,"href":"https:\/\/tecompraste.com.ar\/arg\/wp-json\/wp\/v2\/comments?post=7866"}],"wp:featuredmedia":[{"embeddable":true,"href":"https:\/\/tecompraste.com.ar\/arg\/wp-json\/wp\/v2\/media\/7865"}],"wp:attachment":[{"href":"https:\/\/tecompraste.com.ar\/arg\/wp-json\/wp\/v2\/media?parent=7866"}],"wp:term":[{"taxonomy":"product_brand","embeddable":true,"href":"https:\/\/tecompraste.com.ar\/arg\/wp-json\/wp\/v2\/product_brand?post=7866"},{"taxonomy":"product_cat","embeddable":true,"href":"https:\/\/tecompraste.com.ar\/arg\/wp-json\/wp\/v2\/product_cat?post=7866"},{"taxonomy":"product_tag","embeddable":true,"href":"https:\/\/tecompraste.com.ar\/arg\/wp-json\/wp\/v2\/product_tag?post=7866"}],"curies":[{"name":"wp","href":"https:\/\/api.w.org\/{rel}","templated":true}]}}